{"id":1700,"date":"2018-12-29T17:44:30","date_gmt":"2018-12-29T22:44:30","guid":{"rendered":"https:\/\/playgamingentertainment.com\/?page_id=1700"},"modified":"2019-07-06T10:51:57","modified_gmt":"2019-07-06T14:51:57","slug":"bingo-caller","status":"publish","type":"page","link":"https:\/\/playgamingentertainment.com\/fr\/employment-opportunities\/bingo-caller\/","title":{"rendered":"Annonceur de bingo \/ Annonceuse de bingo"},"content":{"rendered":"<section class=\"wpb-content-wrapper\"><p>[vc_row][vc_column][vc_column_text]<\/p>\n<h2>R\u00e9sum\u00e9 du poste<\/h2>\n<p>Relever du g\u00e9rant de s\u00e9ances et se conformer aux normes de la Commission des alcools et des jeux de l\u2019Ontario (CAJO), aux politiques et proc\u00e9dures d\u2019OLG et aux autres lois et r\u00e8glements municipaux, provinciaux et f\u00e9d\u00e9raux applicables. Aider \u00e0 maintenir de bonnes relations avec les clients ainsi qu\u2019avec tous les employ\u00e9s. Respecter les normes de s\u00e9curit\u00e9 et de s\u00fbret\u00e9 du centre. \u00catre responsable de l\u2019exploitation et de l\u2019entretien de toutes les machines de bingo et de tout le mat\u00e9riel \u00e9lectronique s\u2019y rapportant.<\/p>\n<h2>Principales responsabilit\u00e9s<\/h2>\n<ul>\n<li>Veiller \u00e0 ce que toutes les proc\u00e9dures du manuel de contr\u00f4le interne du centre, normes de la CAJO et politiques et proc\u00e9dures d\u2019OLG applicables soient strictement observ\u00e9es.<\/li>\n<li>\u00catre responsable du bon d\u00e9roulement de l\u2019\u00e9v\u00e9nement de bingo, conform\u00e9ment \u00e0 toutes les politiques du centre.<\/li>\n<li>Faire des annonces publiques, telles que d\u00e9crites par le g\u00e9rant de s\u00e9ances ou les politiques du centre.<\/li>\n<li>Promouvoir et maintenir des normes d\u2019int\u00e9grit\u00e9 et de service \u00e0 la client\u00e8le \u00e9lev\u00e9es en ce qui concerne tous les clients et employ\u00e9s.<\/li>\n<li>Maintenir en tout temps une sensibilisation g\u00e9n\u00e9rale envers la salle de bingo et respecter les politiques et proc\u00e9dures de s\u00e9curit\u00e9 afin de s\u00e9curiser les actifs du centre.<\/li>\n<li>Maintenir un environnement de travail propre et s\u00fbr. Respecter les proc\u00e9dures de s\u00fbret\u00e9, y compris l\u2019utilisation du mat\u00e9riel de s\u00e9curit\u00e9 requis, et relever les pratiques ou conditions dangereuses.<\/li>\n<li>Assumer des responsabilit\u00e9s ou des t\u00e2ches suppl\u00e9mentaires compatibles avec le r\u00e9sum\u00e9 du poste, pouvant \u00eatre assign\u00e9es \u00e0 la discr\u00e9tion du g\u00e9rant de s\u00e9ances.<\/li>\n<\/ul>\n<h2>Comp\u00e9tences minimales<\/h2>\n<ul>\n<li>Dipl\u00f4me d\u2019\u00e9tudes secondaires ou exp\u00e9rience de travail ou \u00e9tudes comparables.<\/li>\n<li>Excellente aptitude \u00e0 communiquer et sens de l\u2019organisation.<\/li>\n<li>Connaissance pratique de progiciels et capacit\u00e9 \u00e0 d\u00e9panner le mat\u00e9riel \u00e9lectronique.<\/li>\n<\/ul>\n<h2>Permis, certificats et\/ou inscriptions<\/h2>\n<ul>\n<li>Les candidats retenus doivent obtenir un certificat Smart Serve et en maintenir la validit\u00e9 (apr\u00e8s avoir re\u00e7u une offre d\u2019emploi).<\/li>\n<li>Les candidats retenus doivent obtenir un certificat relatif au Syst\u00e8me d\u2019information sur les mati\u00e8res dangereuses utilis\u00e9es au travail (SIMDUT) et en maintenir la validit\u00e9 (apr\u00e8s avoir re\u00e7u une offre d\u2019emploi).<\/li>\n<li>Inscription li\u00e9e aux jeux de cat\u00e9gorie 2 de la CAJO (peut \u00eatre demand\u00e9e apr\u00e8s avoir re\u00e7u une offre d\u2019emploi, mais avant de commencer \u00e0 travailler).<\/li>\n<\/ul>\n<p>[\/vc_column_text][vc_separator border_width= &raquo;2&Prime;][vc_column_text]<\/p>\n<h3>LES CANDIDATS INT\u00c9RESS\u00c9S DOIVENT ENVOYER LEUR CURRICULUM VIT\u00c6 \u00c0<\/h3>\n<p><strong>Play! Gaming &#038; Entertainment<br \/>\n\u00c0 l\u2019attention des Ressources humaines<\/strong><br \/>\n1600 Bath Road<br \/>\nKingston, ON K7M 4X6<br \/>\n<strong><br \/>\nSite internet:<\/strong> <a href=\"https:\/\/playgamingentertainment.com\/\">https:\/\/playgamingentertainment.com\/<\/a><br \/>\n<strong>M\u00e9dias:<\/strong> \/PlayYGK<\/p>\n<p>OU PAR T\u00c9L\u00c9COPIEUR: 613-634-3135<br \/>\nOU PAR COURRIEL: <a href=\"mailto:service@playgamingentertainment.com\">service@playgamingentertainment.com<\/a><\/p>\n<p>Nous remercions tous les candidats de leur int\u00e9r\u00eat; cependant, seuls les candidats retenus pour une entrevue seront contact\u00e9s. Apr\u00e8s l\u2019entrevue, seuls les candidats \u00e0 qui un emploi sera offert seront contact\u00e9s.<\/p>\n<p>Votre curriculum vit\u00e6 sera conserv\u00e9 dans nos dossiers pendant une p\u00e9riode de trois mois, puis sera d\u00e9truit. Les candidats int\u00e9ress\u00e9s doivent pr\u00e9senter une nouvelle demande apr\u00e8s la p\u00e9riode de trois mois.[\/vc_column_text][\/vc_column][\/vc_row]<\/p>\n<\/section>","protected":false},"excerpt":{"rendered":"<p>[vc_row][vc_column][vc_column_text] R\u00e9sum\u00e9 du poste Relever du g\u00e9rant de s\u00e9ances et se conformer aux normes de la Commission des alcools et des jeux de l\u2019Ontario (CAJO), aux politiques et proc\u00e9dures d\u2019OLG et aux autres lois et r\u00e8glements municipaux, provinciaux et f\u00e9d\u00e9raux applicables. Aider \u00e0 maintenir de bonnes relations avec les clients ainsi qu\u2019avec tous les employ\u00e9s. [&hellip;]<\/p>\n","protected":false},"author":1,"featured_media":0,"parent":618,"menu_order":0,"comment_status":"closed","ping_status":"closed","template":"","meta":{"inline_featured_image":false,"footnotes":""},"_links":{"self":[{"href":"https:\/\/playgamingentertainment.com\/fr\/wp-json\/wp\/v2\/pages\/1700"}],"collection":[{"href":"https:\/\/playgamingentertainment.com\/fr\/wp-json\/wp\/v2\/pages"}],"about":[{"href":"https:\/\/playgamingentertainment.com\/fr\/wp-json\/wp\/v2\/types\/page"}],"author":[{"embeddable":true,"href":"https:\/\/playgamingentertainment.com\/fr\/wp-json\/wp\/v2\/users\/1"}],"replies":[{"embeddable":true,"href":"https:\/\/playgamingentertainment.com\/fr\/wp-json\/wp\/v2\/comments?post=1700"}],"version-history":[{"count":11,"href":"https:\/\/playgamingentertainment.com\/fr\/wp-json\/wp\/v2\/pages\/1700\/revisions"}],"predecessor-version":[{"id":2708,"href":"https:\/\/playgamingentertainment.com\/fr\/wp-json\/wp\/v2\/pages\/1700\/revisions\/2708"}],"up":[{"embeddable":true,"href":"https:\/\/playgamingentertainment.com\/fr\/wp-json\/wp\/v2\/pages\/618"}],"wp:attachment":[{"href":"https:\/\/playgamingentertainment.com\/fr\/wp-json\/wp\/v2\/media?parent=1700"}],"curies":[{"name":"wp","href":"https:\/\/api.w.org\/{rel}","templated":true}]}}