{"id":1710,"date":"2018-12-29T17:51:04","date_gmt":"2018-12-29T22:51:04","guid":{"rendered":"https:\/\/playgamingentertainment.com\/?page_id=1710"},"modified":"2019-07-06T10:52:51","modified_gmt":"2019-07-06T14:52:51","slug":"cook","status":"publish","type":"page","link":"https:\/\/playgamingentertainment.com\/fr\/employment-opportunities\/cook\/","title":{"rendered":"Cuisinier\/cuisini\u00e8re"},"content":{"rendered":"<section class=\"wpb-content-wrapper\"><p>[vc_row][vc_column][vc_column_text]<\/p>\n<h2>R\u00e9sum\u00e9 du poste<\/h2>\n<p>Dans un environnement au rythme rapide, vous participerez \u00e0 l\u2019ensemble de la production alimentaire, aiderez \u00e0 dresser l\u2019inventaire et mettrez en \u0153uvre des normes de sant\u00e9 et de s\u00e9curit\u00e9. Vous serez responsable de toutes les activit\u00e9s culinaires, y compris les banquets, la pr\u00e9paration des mets et le service.<\/p>\n<p>Vous rel\u00e8verez du g\u00e9rant de s\u00e9ances et devrez vous conformer aux normes de la Commission des alcools et des jeux de l\u2019Ontario (CAJO), aux politiques et proc\u00e9dures d\u2019OLG et aux autres lois et r\u00e8glements municipaux, provinciaux et f\u00e9d\u00e9raux applicables. Vous devrez contribuer au maintien de bonnes relations avec la client\u00e8le ainsi qu\u2019avec tous les employ\u00e9s. Vous devrez respecter les normes de s\u00e9curit\u00e9 et de s\u00fbret\u00e9 du centre.<\/p>\n<h2>Principales responsabilit\u00e9s<\/h2>\n<ul>\n<li>Pr\u00e9parer les mets conform\u00e9ment aux recettes du centre.<\/li>\n<li>Contr\u00f4ler les portions.<\/li>\n<li>Cuire au four, r\u00f4tir, cuire \u00e0 la vapeur, griller, frire ou cuisiner autrement les mets.<\/li>\n<li>Veiller \u00e0 ce que la pr\u00e9sentation et la d\u00e9coration des mets soient conformes aux lignes directrices du centre.<\/li>\n<li>Offrir, directement ou indirectement, un service \u00e0 la client\u00e8le de qualit\u00e9 sup\u00e9rieure et promouvoir d\u2019excellents rapports entre les employ\u00e9s.<\/li>\n<li>Assumer des responsabilit\u00e9s ou des t\u00e2ches suppl\u00e9mentaires compatibles avec le r\u00e9sum\u00e9 du poste, pouvant \u00eatre assign\u00e9es \u00e0 la discr\u00e9tion du g\u00e9rant de s\u00e9ances.<\/li>\n<\/ul>\n<h2>Comp\u00e9tences minimales<\/h2>\n<ul>\n<li>Dipl\u00f4me d\u2019\u00e9tudes secondaires ou exp\u00e9rience de travail comparable.<\/li>\n<li>Attitude positive.<\/li>\n<li>Capacit\u00e9 \u00e0 rester debout pendant la dur\u00e9e d\u2019un quart de travail de huit (8) heures.<\/li>\n<li>Service \u00e0 la client\u00e8le offert de mani\u00e8re professionnelle, positive et extravertie.<\/li>\n<li>Allure professionnelle et soign\u00e9e.<\/li>\n<li>Capacit\u00e9 \u00e0 travailler dans des situations stressantes et sous pression tout en r\u00e9glant les probl\u00e8mes et en livrant les r\u00e9sultats attendus.<\/li>\n<li>Disponibilit\u00e9s le jour, le soir, la fin de semaine et les jours f\u00e9ri\u00e9s.<\/li>\n<\/ul>\n<h2>Permis, certificats et\/ou inscriptions<\/h2>\n<ul>\n<li>Les candidats retenus doivent obtenir un certificat Smart Serve et en maintenir la validit\u00e9 (apr\u00e8s avoir re\u00e7u une offre d\u2019emploi).<\/li>\n<li>Les candidats retenus doivent obtenir un certificat relatif au Syst\u00e8me d\u2019information sur les mati\u00e8res dangereuses utilis\u00e9es au travail (SIMDUT) et en maintenir la validit\u00e9 (apr\u00e8s avoir re\u00e7u une offre d\u2019emploi).<\/li>\n<li>Inscription li\u00e9e aux jeux de cat\u00e9gorie 2 de la CAJO (peut \u00eatre demand\u00e9e apr\u00e8s avoir re\u00e7u une offre d\u2019emploi, mais avant de commencer \u00e0 travailler).<\/li>\n<\/ul>\n<p>[\/vc_column_text][vc_separator border_width= &raquo;2&Prime;][vc_column_text]<\/p>\n<h3>LES CANDIDATS INT\u00c9RESS\u00c9S DOIVENT ENVOYER LEUR CURRICULUM VIT\u00c6 \u00c0<\/h3>\n<p><strong>Play! Gaming &#038; Entertainment<br \/>\n\u00c0 l\u2019attention des Ressources humaines<\/strong><br \/>\n1600 Bath Road<br \/>\nKingston, ON K7M 4X6<br \/>\n<strong><br \/>\nSite internet:<\/strong> <a href=\"https:\/\/playgamingentertainment.com\/\">https:\/\/playgamingentertainment.com\/<\/a><br \/>\n<strong>M\u00e9dias:<\/strong> \/PlayYGK<\/p>\n<p>OU PAR T\u00c9L\u00c9COPIEUR: 613-634-3135<br \/>\nOU PAR COURRIEL: <a href=\"mailto:service@playgamingentertainment.com\">service@playgamingentertainment.com<\/a><\/p>\n<p>Nous remercions tous les candidats de leur int\u00e9r\u00eat; cependant, seuls les candidats retenus pour une entrevue seront contact\u00e9s. Apr\u00e8s l\u2019entrevue, seuls les candidats \u00e0 qui un emploi sera offert seront contact\u00e9s.<\/p>\n<p>Votre curriculum vit\u00e6 sera conserv\u00e9 dans nos dossiers pendant une p\u00e9riode de trois mois, puis sera d\u00e9truit. Les candidats int\u00e9ress\u00e9s doivent pr\u00e9senter une nouvelle demande apr\u00e8s la p\u00e9riode de trois mois.[\/vc_column_text][\/vc_column][\/vc_row]<\/p>\n<\/section>","protected":false},"excerpt":{"rendered":"<p>[vc_row][vc_column][vc_column_text] R\u00e9sum\u00e9 du poste Dans un environnement au rythme rapide, vous participerez \u00e0 l\u2019ensemble de la production alimentaire, aiderez \u00e0 dresser l\u2019inventaire et mettrez en \u0153uvre des normes de sant\u00e9 et de s\u00e9curit\u00e9. Vous serez responsable de toutes les activit\u00e9s culinaires, y compris les banquets, la pr\u00e9paration des mets et le service. Vous rel\u00e8verez du [&hellip;]<\/p>\n","protected":false},"author":1,"featured_media":0,"parent":618,"menu_order":0,"comment_status":"closed","ping_status":"closed","template":"","meta":{"inline_featured_image":false,"footnotes":""},"_links":{"self":[{"href":"https:\/\/playgamingentertainment.com\/fr\/wp-json\/wp\/v2\/pages\/1710"}],"collection":[{"href":"https:\/\/playgamingentertainment.com\/fr\/wp-json\/wp\/v2\/pages"}],"about":[{"href":"https:\/\/playgamingentertainment.com\/fr\/wp-json\/wp\/v2\/types\/page"}],"author":[{"embeddable":true,"href":"https:\/\/playgamingentertainment.com\/fr\/wp-json\/wp\/v2\/users\/1"}],"replies":[{"embeddable":true,"href":"https:\/\/playgamingentertainment.com\/fr\/wp-json\/wp\/v2\/comments?post=1710"}],"version-history":[{"count":8,"href":"https:\/\/playgamingentertainment.com\/fr\/wp-json\/wp\/v2\/pages\/1710\/revisions"}],"predecessor-version":[{"id":2712,"href":"https:\/\/playgamingentertainment.com\/fr\/wp-json\/wp\/v2\/pages\/1710\/revisions\/2712"}],"up":[{"embeddable":true,"href":"https:\/\/playgamingentertainment.com\/fr\/wp-json\/wp\/v2\/pages\/618"}],"wp:attachment":[{"href":"https:\/\/playgamingentertainment.com\/fr\/wp-json\/wp\/v2\/media?parent=1710"}],"curies":[{"name":"wp","href":"https:\/\/api.w.org\/{rel}","templated":true}]}}