{"id":1725,"date":"2018-12-29T18:10:41","date_gmt":"2018-12-29T23:10:41","guid":{"rendered":"https:\/\/playgamingentertainment.com\/?page_id=1725"},"modified":"2019-06-30T09:56:50","modified_gmt":"2019-06-30T13:56:50","slug":"cleaner","status":"publish","type":"page","link":"https:\/\/playgamingentertainment.com\/fr\/employment-opportunities\/cleaner\/","title":{"rendered":"Concierge"},"content":{"rendered":"<section class=\"wpb-content-wrapper\"><p>[vc_row][vc_column][vc_column_text]<\/p>\n<h2>R\u00e9sum\u00e9 du poste<\/h2>\n<p>Nous cherchons des personnes \u00e9nergiques et fiables qui aiment effectuer de l\u2019entretien g\u00e9n\u00e9ral et le travail manuel. Bien que ce soit un atout, une exp\u00e9rience en nettoyage n\u2019est pas obligatoire. Nous offrons des programmes d\u2019orientation et de formation \u00e0 tous nos nouveaux employ\u00e9s. Si vous \u00eates sympathique, responsable et aimez travailler de nuit (de 0 h 45 \u00e0 7 h), nous souhaitons vous rencontrer.<\/p>\n<p>Vous rel\u00e8verez du superviseur de l\u2019entretien (et\/ou du g\u00e9rant de s\u00e9ances) et devrez vous conformer aux proc\u00e9dures du manuel de contr\u00f4le interne du centre ainsi qu\u2019\u00e0 toutes les lois et tous les r\u00e8glements municipaux, provinciaux et f\u00e9d\u00e9raux applicables.<\/p>\n<p>Vous devrez respecter les normes de s\u00e9curit\u00e9 et de s\u00fbret\u00e9 du centre.<\/p>\n<h2>Principales responsabilit\u00e9s<\/h2>\n<ul>\n<li>Veiller \u00e0 ce que toutes les proc\u00e9dures applicables du manuel de contr\u00f4le interne du centre soient strictement observ\u00e9es.<\/li>\n<li>Nettoyer et approvisionner les zones d\u00e9sign\u00e9es de l\u2019\u00e9tablissement (\u00e9pousseter, balayer, passer l\u2019aspirateur, laver les planchers, nettoyer les trappes d\u2019a\u00e9ration des plafonds, nettoyer les toilettes, etc.).<\/li>\n<li>Effectuer r\u00e9guli\u00e8rement des inspections et des travaux d\u2019entretien et les consigner par \u00e9crit.<\/li>\n<li>S\u2019acquitter de t\u00e2ches de nettoyage en profondeur et de projets sp\u00e9ciaux.<\/li>\n<li>Informer la direction des d\u00e9ficiences et des r\u00e9parations requises.<\/li>\n<li>Apporter des ajustements et effectuer des r\u00e9parations mineures.<\/li>\n<li>Approvisionner et maintenir les locaux de fournitures.<\/li>\n<li>Coop\u00e9rer avec l\u2019ensemble du personnel.<\/li>\n<li>Suivre toutes les normes de sant\u00e9 et de s\u00e9curit\u00e9.<\/li>\n<\/ul>\n<h2>Exigences<\/h2>\n<ul>\n<li>Capacit\u00e9 \u00e0 manipuler ou \u00e0 lever des objets assez lourds (20 \u00e0 30 lb) : du mat\u00e9riel, des sacs de d\u00e9chets, une pelle \u00e0 neige, etc.<\/li>\n<li>Connaissance des produits chimiques et de nettoyage.<\/li>\n<li>Connaissance des fiches signal\u00e9tiques.<\/li>\n<li>Int\u00e9grit\u00e9.<\/li>\n<li>Veiller \u00e0 ce que tous les d\u00e9chets dans les aires de stationnement et sur les terrains soient ramass\u00e9s et jet\u00e9s au bon endroit.<\/li>\n<li>Pendant l\u2019hiver, pelleter la neige et \u00e9pandre du sel afin de veiller \u00e0 ce que les voitures et les gens ne glissent ni ne d\u00e9rapent.<\/li>\n<li>Assumer des responsabilit\u00e9s ou des t\u00e2ches suppl\u00e9mentaires compatibles avec le r\u00e9sum\u00e9 du poste, pouvant \u00eatre assign\u00e9es \u00e0 la discr\u00e9tion du superviseur de l\u2019entretien et\/ou du g\u00e9rant de s\u00e9ances.<\/li>\n<\/ul>\n<h2>Comp\u00e9tences minimales<\/h2>\n<ul>\n<li>Dipl\u00f4me d\u2019\u00e9tudes secondaires ou exp\u00e9rience de travail comparable.<\/li>\n<li>Attitude positive.<\/li>\n<li>Capacit\u00e9 \u00e0 rester debout pendant la dur\u00e9e d\u2019un quart de travail de huit (8) heures et \u00e0 lever jusqu\u2019\u00e0 30 lb.<\/li>\n<\/ul>\n<p>[\/vc_column_text][vc_separator border_width= &raquo;2&Prime;][vc_column_text]<\/p>\n<h3>LES CANDIDATS INT\u00c9RESS\u00c9S DOIVENT ENVOYER LEUR CURRICULUM VIT\u00c6 \u00c0<\/h3>\n<p><strong>Play! Gaming &#038; Entertainment<br \/>\n\u00c0 l\u2019attention des Ressources humaines<\/strong><br \/>\n1600 Bath Road<br \/>\nKingston, ON K7M 4X6<br \/>\n<strong><br \/>\nSite internet:<\/strong> <a href=\"https:\/\/playgamingentertainment.com\/\">https:\/\/playgamingentertainment.com\/<\/a><br \/>\n<strong>M\u00e9dias:<\/strong> \/PlayYGK<\/p>\n<p>OU PAR T\u00c9L\u00c9COPIEUR: 613-634-3135<br \/>\nOU PAR COURRIEL: <a href=\"mailto:service@playgamingentertainment.com\">service@playgamingentertainment.com<\/a><\/p>\n<p>Nous remercions tous les candidats de leur int\u00e9r\u00eat; cependant, seuls les candidats retenus pour une entrevue seront contact\u00e9s. Apr\u00e8s l\u2019entrevue, seuls les candidats \u00e0 qui un emploi sera offert seront contact\u00e9s.<\/p>\n<p>Votre curriculum vit\u00e6 sera conserv\u00e9 dans nos dossiers pendant une p\u00e9riode de trois mois, puis sera d\u00e9truit. Les candidats int\u00e9ress\u00e9s doivent pr\u00e9senter une nouvelle demande apr\u00e8s la p\u00e9riode de trois mois.[\/vc_column_text][\/vc_column][\/vc_row]<\/p>\n<\/section>","protected":false},"excerpt":{"rendered":"<p>[vc_row][vc_column][vc_column_text] R\u00e9sum\u00e9 du poste Nous cherchons des personnes \u00e9nergiques et fiables qui aiment effectuer de l\u2019entretien g\u00e9n\u00e9ral et le travail manuel. Bien que ce soit un atout, une exp\u00e9rience en nettoyage n\u2019est pas obligatoire. Nous offrons des programmes d\u2019orientation et de formation \u00e0 tous nos nouveaux employ\u00e9s. Si vous \u00eates sympathique, responsable et aimez travailler [&hellip;]<\/p>\n","protected":false},"author":1,"featured_media":0,"parent":618,"menu_order":0,"comment_status":"closed","ping_status":"closed","template":"","meta":{"inline_featured_image":false,"footnotes":""},"_links":{"self":[{"href":"https:\/\/playgamingentertainment.com\/fr\/wp-json\/wp\/v2\/pages\/1725"}],"collection":[{"href":"https:\/\/playgamingentertainment.com\/fr\/wp-json\/wp\/v2\/pages"}],"about":[{"href":"https:\/\/playgamingentertainment.com\/fr\/wp-json\/wp\/v2\/types\/page"}],"author":[{"embeddable":true,"href":"https:\/\/playgamingentertainment.com\/fr\/wp-json\/wp\/v2\/users\/1"}],"replies":[{"embeddable":true,"href":"https:\/\/playgamingentertainment.com\/fr\/wp-json\/wp\/v2\/comments?post=1725"}],"version-history":[{"count":5,"href":"https:\/\/playgamingentertainment.com\/fr\/wp-json\/wp\/v2\/pages\/1725\/revisions"}],"predecessor-version":[{"id":2677,"href":"https:\/\/playgamingentertainment.com\/fr\/wp-json\/wp\/v2\/pages\/1725\/revisions\/2677"}],"up":[{"embeddable":true,"href":"https:\/\/playgamingentertainment.com\/fr\/wp-json\/wp\/v2\/pages\/618"}],"wp:attachment":[{"href":"https:\/\/playgamingentertainment.com\/fr\/wp-json\/wp\/v2\/media?parent=1725"}],"curies":[{"name":"wp","href":"https:\/\/api.w.org\/{rel}","templated":true}]}}