{"id":20,"date":"2018-02-04T13:26:48","date_gmt":"2018-02-04T13:26:48","guid":{"rendered":"http:\/\/localhost\/appland\/?page_id=20"},"modified":"2026-02-03T12:38:18","modified_gmt":"2026-02-03T17:38:18","slug":"home","status":"publish","type":"page","link":"https:\/\/playgamingentertainment.com\/fr\/","title":{"rendered":"Accueil"},"content":{"rendered":"<section class=\"wpb-content-wrapper\"><p>[vc_row full_width= &raquo;stretch_row_content_no_spaces &raquo; el_id= &raquo;home &raquo;][vc_column][vc_column_text]<div class=\"wpb_wrapper\">\r\n                <style>\r\n\t\t\t\t\t.header-overlay:before {\r\n\t\t\t\t\t\tcontent: \"\";\r\n\t\t\t\t\t\twidth: 100%;\r\n\t\t\t\t\t\theight: 100%;\r\n\t\t\t\t\t\ttop: 0;\r\n\t\t\t\t\t\tleft: 0;\r\n\t\t\t\t\t\tbackground: #4776e6;\r\n\t\t\t\t\t\topacity: 0.75;\r\n\t\t\t\t\t\tz-index: -1;\r\n\t\t\t\t\t\tposition: absolute;\r\n\t\t\t\t\t}\r\n\t\t\t\t<\/style>\r\n\t\t\t\t<script>\r\n\t\t\t\t\tjQuery(document).ready(function() {\r\n\t\t\t\t\t\tjQuery('.slick').slick({\r\n\t\t\t\t\t\t\tdots: true,\r\n\t\t\t\t\t\t\t\/\/infinite: true,\r\n\t\t\t\t\t\t\tspeed: 300,\r\n\t\t\t\t\t\t\tslidesToShow: 1,\r\n\t\t\t\t\t\t\tautoplay: true,\r\n\t\t\t\t\t\t\tautoplaySpeed: slickAutoPlaySpeeds[0],\r\n\t\t\t\t\t\t});\r\n\r\n\t\t\t\t\t\tjQuery('.slick').on('beforeChange', function(event, slick, currentSlide, nextSlide){\r\n\t\t\t\t\t\t\tjQuery('.slick').slick('slickSetOption', 'autoplaySpeed', slickAutoPlaySpeeds[nextSlide]);\r\n\t\t\t\t\t\t});\r\n\t\t\t\t\t});\r\n\r\n\t\t\t\t\tvar slickAutoPlaySpeeds = [\t\t\t10000,\t\t\t10000,\t\t\t9000,\t\t\t6000,];\r\n\r\n\t\t\t\t<\/script>\r\n                <section class=\"header-home\">\r\n\t\t\t\t<div id=\"particles-js\"><\/div>\r\n\t\t\t\t\t<div class=\"container\">\r\n\t\t\t\t\t\t<div class=\"row\">\r\n\t\t\t\t\t\t\t<div class=\"col-sm-12 col-header-text slick\">\t\t\t<div>\r\n\t\t\t\t\t\t\t\t\t<h1><\/h1>\r\n\t\t\t\t\t\t\t\t\t<script src=\"https:\/\/cdn.casinotime.ca\/embed\/common\/ct-common.js\"><\/script><ct-affiliate-compact code=\"PG\" name=\"Play! Gaming &amp; Entertainment\" location=\"Kingston\" image=\"https:\/\/playgamingentertainment.com\/wp-content\/uploads\/Play-logo-colour@2x.png\"><\/ct-affiliate>\n\r\n\t\t\t\t\t\t\t\t<\/div>\t\t\t<div>\r\n\t\t\t\t\t\t\t\t\t<h1>Happy to be Open to serve you !!<\/h1>\r\n\t\t\t\t\t\t\t\t\t<section class=\"wpb-content-wrapper\"><p>[vc_row][vc_column][vc_column_text]<img decoding=\"async\" loading=\"lazy\" class=\"size-medium wp-image-2939 alignright\" src=\"https:\/\/playgamingentertainment.com\/wp-content\/uploads\/Covid-19-3-Instagram-PlayYGK-300x300.png\" alt=\"\" width=\"300\" height=\"300\" srcset=\"https:\/\/playgamingentertainment.com\/wp-content\/uploads\/Covid-19-3-Instagram-PlayYGK-300x300.png 300w, https:\/\/playgamingentertainment.com\/wp-content\/uploads\/Covid-19-3-Instagram-PlayYGK-1024x1024.png 1024w, https:\/\/playgamingentertainment.com\/wp-content\/uploads\/Covid-19-3-Instagram-PlayYGK-150x150.png 150w, https:\/\/playgamingentertainment.com\/wp-content\/uploads\/Covid-19-3-Instagram-PlayYGK-768x768.png 768w, https:\/\/playgamingentertainment.com\/wp-content\/uploads\/Covid-19-3-Instagram-PlayYGK-80x80.png 80w, https:\/\/playgamingentertainment.com\/wp-content\/uploads\/Covid-19-3-Instagram-PlayYGK.png 1080w\" sizes=\"(max-width: 300px) 100vw, 300px\" \/><\/p>\n<p>Spinning Reel Games (Cabinets) 10AM to 1AM, daily!<\/p>\n<p>Session Bingo Schedule:<\/p>\n<p style=\"padding-left: 40px\">12:00 PM Warmups &#8211; Daily<\/p>\n<p style=\"padding-left: 40px\">12:30 PM Matinee &#8211; Daily<\/p>\n<p style=\"padding-left: 40px\">6:15 PM Lickity Splits &#8211; Daily<\/p>\n<p style=\"padding-left: 40px\">7:00 PM Evening &#8211; Daily<\/p>\n<p style=\"padding-left: 40px\">10:00 PM Late Night &#8211; Daily<\/p>\n<p>Click on our <strong>ONLINE tab<\/strong> to register and play with <strong>Casino Time.ca<\/strong> our online casino partner.<\/p>\n<p>[\/vc_column_text][\/vc_column][\/vc_row]<\/p>\n<\/section>\r\n\t\t\t\t\t\t\t\t<\/div>\t\t\t<div>\r\n\t\t\t\t\t\t\t\t\t<h1>Spinning Reel Games<\/h1>\r\n\t\t\t\t\t\t\t\t\t<section class=\"wpb-content-wrapper\"><p>[vc_row][vc_column][vc_single_image image= &raquo;2844&Prime; img_size= &raquo;large &raquo; alignment= &raquo;center &raquo;][\/vc_column][\/vc_row]<\/p>\n<\/section>\r\n\t\t\t\t\t\t\t\t<\/div>\t\t\t<div>\r\n\t\t\t\t\t\t\t\t\t<h1><span>Play! Gaming & Entertainment<\/span> vous accueille \u00e0 la nouvelle g\u00e9n\u00e9ration de jeux BINGO. <\/h1>\r\n\t\t\t\t\t\t\t\t\t<section class=\"wpb-content-wrapper\"><p>[vc_row][vc_column][vc_column_text]En tant que l\u2019un des principaux centres de jeu de bienfaisance de l\u2019Ontario, nous offrons un large \u00e9ventail d\u2019options de divertissement, y compris des terminaux de jeu \u00e9lectronique, du bingo sur papier, du bingo \u00e9lectronique, des jeux de loterie et des machines \u00e0 sous \u00e0 rouleaux Tap N Play, le tout dans un environnement moderne, haut de gamme et sans fum\u00e9e. En plus des espaces de jeu, l\u2019\u00e9tablissement comprend d\u2019autres commodit\u00e9s, dont un salon avec permis d\u2019alcool, un restaurant \u00e0 service complet, deux foyers, un salon VIP pour les f\u00eates priv\u00e9es et un service \u00e0 la client\u00e8le personnalis\u00e9 pour veiller \u00e0 ce que le divertissement offert soit des plus satisfaisants.[\/vc_column_text][vc_single_image image= &raquo;1875&Prime; img_size= &raquo;full &raquo; alignment= &raquo;center &raquo;][\/vc_column][\/vc_row]<\/p>\n<\/section>\r\n\t\t\t\t\t\t\t\t<\/div>\r\n\t\t\t\t\t\t\t<\/div>\r\n\t\t\t\t\t\t<\/div>\r\n\t\t\t\t\t<\/div>\r\n\t\t\t\t<\/section>\r\n\t\t\t<\/div>[vc_column_text]<\/p>\n<p style=\"text-align: center;\"><a class=\"banner_btn btn-purple\" href=\"members\"> MEMBRES <\/a>\u00a0<a class=\"banner_btn btn-teal\" href=\"contact-us\"> CONTACT <\/a><\/p>\n<p>[\/vc_column_text][\/vc_column][\/vc_row][vc_row el_id= &raquo;mission &raquo; css= &raquo;.vc_custom_1543538771957{padding-bottom: 50px !important;} &raquo;][vc_column][vc_column_text]<\/p>\n<h2>Notre Mission<\/h2>\n<hr \/>\n<p><span class=\"fpar\">Notre objectif est d&rsquo;offrir \u00e0 nos clients une exp\u00e9rience agr\u00e9able et remplie de divertissements. Pour ce faire, nous nous assurons d&rsquo;alimenter d&rsquo;excellentes valeurs, un service \u00e0 la client\u00e8le exemplaire et un environnement propre o\u00f9 une atmosph\u00e8re invitante s&rsquo;impose. Notre g\u00e9rant et ses employ\u00e9s tiennent \u00e0 vous remercier pour votre support et nous allons continuer \u00e0 offrir \u00e0 nos clients le meilleur service possible.<\/span><\/p>\n<p><span class=\"fpar\">Sinc\u00e8rement,<\/span><\/p>\n<p><span class=\"fpar\"><img decoding=\"async\" loading=\"lazy\" class=\"alignnone wp-image-517 size-full\" src=\"https:\/\/playgamingentertainment.com\/wp-content\/uploads\/2018\/10\/DD7979184B334CFEE37EB46C63F9B23C.png\" alt=\"Sign\u00e9 par Jeffrey Holmes\" width=\"261\" height=\"82\" \/><br \/>\nJeff Holmes<br \/>\nDirecteur G\u00e9n\u00e9ral<\/span>[\/vc_column_text]\n            <div \n                class=\"elfsight-widget-facebook-feed elfsight-widget\" \n                data-elfsight-facebook-feed-options=\"%7B%22tokenType%22%3A%22page%22%2C%22userAccessToken%22%3Anull%2C%22userAccessTokenPagesScope%22%3A%22EAADQZAoJZBZBH0BO5Cyf1UruTj8hHoX4ywmi5WxZCUWTe4PRTZB5EvqUPDtIZAitr5OB3K1kxxdWZACgZAVwX7u9p1BObV3dZB1JKHTQvOwALrdDoc6M9z2m5mKZA5ZB8iCytgmjfZAtZAGLbTqx5ilj4aBkZCP36NdzYKZAoZBxeU59CgcnhyRLc5WB87dCy48H781morM3AMXyzlJjs2Ps7WpZBU4UTfmSZBEvWpPkRzBV3bkCNkrP3Bm6VVcQZDZD%22%2C%22source%22%3A%22https%3A%5C%2F%5C%2Fwww.facebook.com%5C%2FPlayYGK%5C%2F%22%2C%22page%22%3A%7B%22name%22%3A%22Play%20Gaming%20%26%20Entertainment%22%2C%22value%22%3A%22104278962955930%22%2C%22link%22%3A%22https%3A%5C%2F%5C%2Fwww.facebook.com%5C%2F104278962955930%22%2C%22picture%22%3A%7B%22data%22%3A%7B%22height%22%3A100%2C%22is_silhouette%22%3Afalse%2C%22url%22%3A%22https%3A%5C%2F%5C%2Fscontent-yyz1-1.xx.fbcdn.net%5C%2Fv%5C%2Ft39.30808-1%5C%2F306568480_542531047872615_5792352804464117659_n.png%3Fstp%3Ddst-png_s100x100%26_nc_cat%3D109%26ccb%3D1-7%26_nc_sid%3D6738e8%26_nc_ohc%3DMoZDmtuizFAQ7kNvgFVdhED%26_nc_zt%3D24%26_nc_ht%3Dscontent-yyz1-1.xx%26edm%3DAGaHXAAEAAAA%26_nc_gid%3DAXkNs6owRkMqR1tXRHd8Js-%26oh%3D00_AYC-5zK5zW9D7H0hG2W1h2lJC6zHR7XoVVRznSOyxrbNRA%26oe%3D6737E87B%22%2C%22width%22%3A100%7D%7D%7D%2C%22pageAccessToken%22%3A%22EAADQZAoJZBZBH0BO1GSmQwHe3MgmlATHtRPwpiPXrfGoFeyLD0Hg56HvHjPIAXJXvAGvHUUZCaZBqdfQe0eiKZBtDLnftEmDSW3oZCtQ2Qfdl3XOdFuHNEhMNe0wO18ZBeJihhDQN5AoM7SoJP7UiXgvi6t9nBZA8f2I1wW4SVVA9KKrKZCErw25XWGWGnZC9FA%22%2C%22width%22%3A%22100%25%22%2C%22height%22%3A%221200%22%2C%22contentDivider%22%3Anull%2C%22headerVisible%22%3Atrue%2C%22headerParts%22%3A%5B%22cover%22%2C%22picture%22%2C%22likesCount%22%5D%2C%22headerActions%22%3A%5B%7B%22type%22%3A%22like%22%7D%2C%7B%22type%22%3A%22share%22%7D%5D%2C%22menuVisible%22%3Afalse%2C%22contentPostsVisible%22%3Atrue%2C%22contentPostsParts%22%3A%5B%22author%22%2C%22likesCount%22%2C%22commentsCount%22%2C%22sharesCount%22%2C%22shareButton%22%5D%2C%22contentPostsLimit%22%3A0%2C%22contentPhotosVisible%22%3Afalse%2C%22contentAlbumsVisible%22%3Afalse%2C%22contentVideosVisible%22%3Afalse%2C%22contentVideosParts%22%3A%5B%22description%22%2C%22likesCount%22%2C%22commentsCount%22%5D%2C%22contentEventsVisible%22%3Afalse%2C%22contentPopupParts%22%3A%5B%22author%22%2C%22likesCount%22%2C%22shareButton%22%2C%22comments%22%5D%2C%22lang%22%3A%22fr%22%2C%22cacheTime%22%3A%223600%22%2C%22apiUrl%22%3A%22https%3A%5C%2F%5C%2Fplaygamingentertainment.com%5C%2Ffr%5C%2Fwp-json%5C%2Felfsight-facebook-feed%5C%2Fapi%22%2C%22widgetId%22%3A%222%22%7D\" \n                data-elfsight-facebook-feed-version=\"1.15.0\"\n                data-elfsight-widget-id=\"elfsight-facebook-feed-2\">\n            <\/div>\n            [\/vc_column][\/vc_row]<\/p>\n<\/section>","protected":false},"excerpt":{"rendered":"<p>[vc_row full_width= &raquo;stretch_row_content_no_spaces &raquo; el_id= &raquo;home &raquo;][vc_column][vc_column_text][vc_column_text] MEMBRES \u00a0 CONTACT [\/vc_column_text][\/vc_column][\/vc_row][vc_row el_id= &raquo;mission &raquo; css= &raquo;.vc_custom_1543538771957{padding-bottom: 50px !important;} &raquo;][vc_column][vc_column_text] Notre Mission Notre objectif est d&rsquo;offrir \u00e0 nos clients une exp\u00e9rience agr\u00e9able et remplie de divertissements. Pour ce faire, nous nous assurons d&rsquo;alimenter d&rsquo;excellentes valeurs, un service \u00e0 la client\u00e8le exemplaire et un environnement propre o\u00f9 [&hellip;]<\/p>\n","protected":false},"author":1,"featured_media":0,"parent":0,"menu_order":0,"comment_status":"closed","ping_status":"closed","template":"","meta":{"inline_featured_image":false,"footnotes":""},"_links":{"self":[{"href":"https:\/\/playgamingentertainment.com\/fr\/wp-json\/wp\/v2\/pages\/20"}],"collection":[{"href":"https:\/\/playgamingentertainment.com\/fr\/wp-json\/wp\/v2\/pages"}],"about":[{"href":"https:\/\/playgamingentertainment.com\/fr\/wp-json\/wp\/v2\/types\/page"}],"author":[{"embeddable":true,"href":"https:\/\/playgamingentertainment.com\/fr\/wp-json\/wp\/v2\/users\/1"}],"replies":[{"embeddable":true,"href":"https:\/\/playgamingentertainment.com\/fr\/wp-json\/wp\/v2\/comments?post=20"}],"version-history":[{"count":102,"href":"https:\/\/playgamingentertainment.com\/fr\/wp-json\/wp\/v2\/pages\/20\/revisions"}],"predecessor-version":[{"id":3234,"href":"https:\/\/playgamingentertainment.com\/fr\/wp-json\/wp\/v2\/pages\/20\/revisions\/3234"}],"wp:attachment":[{"href":"https:\/\/playgamingentertainment.com\/fr\/wp-json\/wp\/v2\/media?parent=20"}],"curies":[{"name":"wp","href":"https:\/\/api.w.org\/{rel}","templated":true}]}}