{"id":609,"date":"2018-10-21T19:39:42","date_gmt":"2018-10-21T23:39:42","guid":{"rendered":"https:\/\/playgamingentertainment.com\/?page_id=609"},"modified":"2019-02-11T19:10:45","modified_gmt":"2019-02-12T00:10:45","slug":"charities","status":"publish","type":"page","link":"https:\/\/playgamingentertainment.com\/fr\/charities\/","title":{"rendered":"Charit\u00e9"},"content":{"rendered":"<section class=\"wpb-content-wrapper\"><p>[vc_row][vc_column][vc_column_text]<span class=\"fpar\">Play! Gaming &#038; Entertainment est fier d&rsquo;\u00eatre partenaire avec 71 organisations de charit\u00e9 locale qui contribuent de plusieurs mani\u00e8res \u00e0 notre communaut\u00e9 ainsi que notre qualit\u00e9 de vie.<\/span><\/p>\n<p><ul><li><a href='https:\/\/www.acfomi.ca' target='_blank'>ACFO Mille-Iles<\/a><\/li><li><a href='http:\/\/e-clubhouse.org\/sites\/amherstviewon\/' target='_blank'>Amherstview Lions Club<\/a><\/li><li><a href='http:\/\/www.alcdsb.on.ca\/School\/abos\/Pages\/default.aspx' target='_blank'>Archbishop O'Sullivan Catholic School<\/a><\/li><li><a href='https:\/\/bayridgeps.limestone.on.ca\/' target='_blank'>Bayridge Public School Council<\/a><\/li><li><a href='https:\/\/bayridgess.limestone.on.ca\/' target='_blank'>Bayridge Secondary School Athletics<\/a><\/li><li><a href='http:\/\/bfo-kingston.ca\/' target='_blank'>Bereaved Families of Ontario - Kingston Region<\/a><\/li><li><a href='https:\/\/cantabilechoirs.ca\/' target='_blank'>Cantabile Choirs<\/a><\/li><li><a href='https:\/\/catwoods.limestone.on.ca\/' target='_blank'>Cataraqui Woods Elementary School<\/a><\/li><li><a href='https:\/\/centennial.limestone.on.ca\/' target='_blank'>Centennial Public School<\/a><\/li><li><a href='https:\/\/centralps.limestone.on.ca\/' target='_blank'>Central Public School<\/a><\/li><li><a href='https:\/\/calkingston.com\/' target='_blank'>Church Athletic League<\/a><\/li><li><a href='https:\/\/www.crnckingston.ca' target='_blank'>Community Response To Neighbourhood Concerns<\/a><\/li><li><a href='https:\/\/mille-iles.cepeo.on.ca\/' target='_blank'>Ecole secondaire publique Mille-Iles<\/a><\/li><li><a href='https:\/\/marie-rivier.ecolecatholique.ca\/' target='_blank'>Ecole secondaire Sainte-Marie-Rivier<\/a><\/li><li><a href='https:\/\/www.gomotionapp.com\/team\/canebsc\/page\/home' target='_blank'>Ernestown Barracuda Swim Club<\/a><\/li><li><a href='https:\/\/ernestownss.limestone.on.ca\/' target='_blank'>Ernestown Secondary School<\/a><\/li><li><a href='https:\/\/frontenacss.limestone.on.ca\/' target='_blank'>Frontenac Secondary School<\/a><\/li><li><a href='http:\/\/www.facebook.com\/groups\/6661439116\/' target='_blank'>Gananoque Canoe and Motorboat Club Inc.<\/a><\/li><li><a href='https:\/\/grec.limestone.on.ca\/' target='_blank'>Granite Ridge Education Centre<\/a><\/li><li><a href='http:\/\/greaterkingstonchorus.ca' target='_blank'>Greater Kingston Chorus of Sweet Adelines<\/a><\/li><li><a href='https:\/\/greaterkingstonhockey.com\/' target='_blank'>Greater Kingston Minor Hockey Association<\/a><\/li><li><a href='http:\/\/greaterkingstonsoftball.com\/' target='_blank'>Greater Kingston Softball Association<\/a><\/li><li><a href='https:\/\/habitatkingston.com\/' target='_blank'>Habitat for Humanity Kingston Limestone Region<\/a><\/li><li><a href='http:\/\/ilckingston.com\/' target='_blank'>Independent Living Centre Kingston<\/a><\/li><li><a href='https:\/\/jgsimcoe.limestone.on.ca\/' target='_blank'>J.G. Simcoe Public School<\/a><\/li><li><a href='https:\/\/joycevilleps.limestone.on.ca\/' target='_blank'>Joyceville Public School<\/a><\/li><li><a href='https:\/\/www.southeasthealthline.ca\/displayservice.aspx?id=72450' target='_blank'>Kidney Foundation of Canada<\/a><\/li><li><a href='http:\/\/kingstonwrestling.ca\/' target='_blank'>Kingston and Area Olympic Wrestling Club<\/a><\/li><li><a href='http:\/\/www.artskingston.ca\/' target='_blank'>Kingston Arts Council<\/a><\/li><li><a href='https:\/\/www.teamunify.com\/team\/cankbmsc\/page\/home' target='_blank'>Kingston Blue Marlin Swim Club<\/a><\/li><li><a href='https:\/\/leagues.teamlinkt.com\/grensfootballca' target='_blank'>Kingston Grenadiers Football<\/a><\/li><li><a href='http:\/\/www.kingstongymnasticsclub.com\/' target='_blank'>Kingston Gymnastics Club<\/a><\/li><li><a href='http:\/\/www.facebook.com\/kingstonlakersbasketballleague\/' target='_blank'>Kingston Lakers Basketball Association<\/a><\/li><li><a href='http:\/\/e-clubhouse.org\/sites\/kingstonlakeshoreweston\/' target='_blank'>Kingston Lakeshore West Lions Club<\/a><\/li><li><a href='https:\/\/www.kingstonringette.com\/' target='_blank'>Kingston Ringette Association<\/a><\/li><li><a href='http:\/\/www.kingstonrowingclub.com\/' target='_blank'>Kingston Rowing Club<\/a><\/li><li><a href='http:\/\/speedskatingkingston.ca\/' target='_blank'>Kingston Striders Speed Skating Club Inc.<\/a><\/li><li><a href='https:\/\/www.kingstonsymphony.ca\/' target='_blank'>Kingston Symphony Association<\/a><\/li><li><a href='http:\/\/skatekingston.com\/programs\/synchronized-skating\/' target='_blank'>Kingston Synchronized Skating<\/a><\/li><li><a href='https:\/\/kingstontownsmen.com' target='_blank'>Kingston Townsmen Chorus<\/a><\/li><li><a href='https:\/\/www.facebook.com\/groups\/103072036343\/' target='_blank'>Kingston Youth Boxing Club<\/a><\/li><li><a href='https:\/\/www.stjosephskingston.ca\/ministries\/knights-of-columbus\/' target='_blank'>Knights of Columbus St. Joseph's 11670<\/a><\/li><li><a href='http:\/\/www.facebook.com\/Council11271\/' target='_blank'>Knights of Columbus St. Patrick's 12309<\/a><\/li><li><a href='https:\/\/laroutedusavoir.org\/' target='_blank'>La Route Du Savoir<\/a><\/li><li><a href='http:\/\/www.kassaa.ca\/' target='_blank'>Lasalle Secondary School<\/a><\/li><li><a href='https:\/\/www.les-treteaux.be\/' target='_blank'>Les Tr\u00e9teaux de Kingston<\/a><\/li><li><a href='https:\/\/lordstrathcona.limestone.on.ca' target='_blank'>Lord Strathcona Public School<\/a><\/li><li><a href='http:\/\/www.lcviathletics.com\/' target='_blank'>Loyalist Collegiate and Vocational Institute<\/a><\/li><li><a href='https:\/\/ltmha.com\/' target='_blank'>Loyalist Township Minor Hockey Association<\/a><\/li><li><a href='https:\/\/www.kingstonscouts.ca\/lya' target='_blank'>Loyalist Youth Association<\/a><\/li><li><a href='https:\/\/e-clubhouse.org\/sites\/odessaon' target='_blank'>Odessa and District Lions Club<\/a><\/li><li><a href='https:\/\/www.ongwanada.com\/' target='_blank'>Ongwanada<\/a><\/li><li><a href='http:\/\/www.orchestrakingston.ca\/' target='_blank'>Orchestra Kingston Incorporated<\/a><\/li><li><a href='https:\/\/www.ourlivable.solutions\/' target='_blank'>Our Livable Solutions<\/a><\/li><li><a href='https:\/\/www.providencecare.ca\/' target='_blank'>Providence Care Centre<\/a><\/li><li><a href='https:\/\/sinclair.limestone.on.ca\/' target='_blank'>R.G. Sinclair Public School<\/a><\/li><li><a href='http:\/\/www.robroykingston.com\/' target='_blank'>Rob Roy Pipe Band and Highland Dancers<\/a><\/li><li><a href='https:\/\/kfrotary.org\/' target='_blank'>Rotary Club of Kingston-Frontenac<\/a><\/li><li><a href='https:\/\/www.kingstonarmycadets.ca' target='_blank'>Royal Canadian Army Cadets Corps<\/a><\/li><li><a href='https:\/\/e-clubhouse.org\/sites\/seeley%27s_bay\/' target='_blank'>Seeleys Bay Lions Club<\/a><\/li><li><a href='https:\/\/seniorskingston.ca\/' target='_blank'>Seniors Association Kingston Region<\/a><\/li><li><a href='http:\/\/skatekingston.com\/' target='_blank'>Skate Kingston<\/a><\/li><li><a href='https:\/\/www.sfcsc.ca\/' target='_blank'>Southern Frontenac Community Services Corp.<\/a><\/li><li><a href='https:\/\/alcdsb.on.ca\/School\/stfa' target='_blank'>St. Francis of Assisi Catholic School<\/a><\/li><li><a href='https:\/\/www.facebook.com\/groups\/1757646637839784' target='_blank'>Stone Mills Minor Hockey<\/a><\/li><li><a href='https:\/\/sydenhamhs.limestone.on.ca\/' target='_blank'>Sydenham High School<\/a><\/li><li><a href='https:\/\/www.transplantadvocateassociation.ca\/' target='_blank'>Transplant Advocate Association<\/a><\/li><li><a href='http:\/\/www.trilliumgymnastics.ca\/' target='_blank'>Trillium School of Gymnastics<\/a><\/li><li><a href='https:\/\/truedell.limestone.on.ca\/' target='_blank'>Truedell Public School<\/a><\/li><li><a href='https:\/\/www.veronalions.ca\/' target='_blank'>Verona Lions Club<\/a><\/li><li><a href='https:\/\/welborne.limestone.on.ca' target='_blank'>Welborne Avenue Public School<\/a><\/li><\/ul>[\/vc_column_text][\/vc_column][\/vc_row]<\/p>\n<\/section>","protected":false},"excerpt":{"rendered":"<p>[vc_row][vc_column][vc_column_text]Play! Gaming &#038; Entertainment est fier d&rsquo;\u00eatre partenaire avec organisations de charit\u00e9 locale qui contribuent de plusieurs mani\u00e8res \u00e0 notre communaut\u00e9 ainsi que notre qualit\u00e9 de vie. [\/vc_column_text][\/vc_column][\/vc_row]<\/p>\n","protected":false},"author":1,"featured_media":1352,"parent":0,"menu_order":0,"comment_status":"closed","ping_status":"closed","template":"","meta":{"inline_featured_image":false,"footnotes":""},"_links":{"self":[{"href":"https:\/\/playgamingentertainment.com\/fr\/wp-json\/wp\/v2\/pages\/609"}],"collection":[{"href":"https:\/\/playgamingentertainment.com\/fr\/wp-json\/wp\/v2\/pages"}],"about":[{"href":"https:\/\/playgamingentertainment.com\/fr\/wp-json\/wp\/v2\/types\/page"}],"author":[{"embeddable":true,"href":"https:\/\/playgamingentertainment.com\/fr\/wp-json\/wp\/v2\/users\/1"}],"replies":[{"embeddable":true,"href":"https:\/\/playgamingentertainment.com\/fr\/wp-json\/wp\/v2\/comments?post=609"}],"version-history":[{"count":6,"href":"https:\/\/playgamingentertainment.com\/fr\/wp-json\/wp\/v2\/pages\/609\/revisions"}],"predecessor-version":[{"id":2152,"href":"https:\/\/playgamingentertainment.com\/fr\/wp-json\/wp\/v2\/pages\/609\/revisions\/2152"}],"wp:featuredmedia":[{"embeddable":true,"href":"https:\/\/playgamingentertainment.com\/fr\/wp-json\/wp\/v2\/media\/1352"}],"wp:attachment":[{"href":"https:\/\/playgamingentertainment.com\/fr\/wp-json\/wp\/v2\/media?parent=609"}],"curies":[{"name":"wp","href":"https:\/\/api.w.org\/{rel}","templated":true}]}}